{"id":456,"date":"2019-06-26T16:37:14","date_gmt":"2019-06-26T21:37:14","guid":{"rendered":"http:\/\/172.16.150.171:1090\/?page_id=456"},"modified":"2026-02-06T11:33:13","modified_gmt":"2026-02-06T16:33:13","slug":"ip-telephony","status":"publish","type":"page","link":"https:\/\/solutecsasllc.com\/?page_id=456","title":{"rendered":"IP TELEPHONY"},"content":{"rendered":"\t\t<div data-elementor-type=\"wp-post\" data-elementor-id=\"456\" class=\"elementor elementor-456\" data-elementor-post-type=\"page\">\n\t\t\t\t\t\t<section class=\"elementor-section elementor-top-section elementor-element elementor-element-576356a elementor-section-stretched elementor-section-full_width elementor-section-height-default elementor-section-height-default\" data-id=\"576356a\" data-element_type=\"section\" data-settings=\"{&quot;stretch_section&quot;:&quot;section-stretched&quot;}\">\n\t\t\t\t\t\t<div class=\"elementor-container elementor-column-gap-default\">\n\t\t\t\t\t<div class=\"elementor-column elementor-col-100 elementor-top-column elementor-element elementor-element-62dddff\" data-id=\"62dddff\" data-element_type=\"column\">\n\t\t\t<div class=\"elementor-widget-wrap elementor-element-populated\">\n\t\t\t\t\t\t<div class=\"elementor-element elementor-element-a6d9164 elementor-widget elementor-widget-shortcode\" data-id=\"a6d9164\" data-element_type=\"widget\" data-widget_type=\"shortcode.default\">\n\t\t\t\t<div class=\"elementor-widget-container\">\n\t\t\t\t\t\t\t<div class=\"elementor-shortcode\">\t\t<div data-elementor-type=\"header\" data-elementor-id=\"756\" class=\"elementor elementor-756\" data-elementor-post-type=\"elementor_library\">\n\t\t\t\t\t<div class=\"elementor-section-wrap\">\n\t\t\t\t\t\t\t\t<section class=\"elementor-section elementor-top-section elementor-element elementor-element-d0223e1 elementor-section-full_width elementor-section-height-default elementor-section-height-default\" data-id=\"d0223e1\" data-element_type=\"section\">\n\t\t\t\t\t\t<div class=\"elementor-container elementor-column-gap-no\">\n\t\t\t\t\t<div class=\"elementor-column elementor-col-33 elementor-top-column elementor-element elementor-element-082982f\" data-id=\"082982f\" data-element_type=\"column\">\n\t\t\t<div class=\"elementor-widget-wrap elementor-element-populated\">\n\t\t\t\t\t\t<div class=\"elementor-element elementor-element-2dda497 elementor-widget elementor-widget-image\" data-id=\"2dda497\" data-element_type=\"widget\" data-widget_type=\"image.default\">\n\t\t\t\t<div class=\"elementor-widget-container\">\n\t\t\t\t\t\t\t\t\t\t\t\t\t\t\t\t<a href=\"https:\/\/solutecsasllc.com\/\">\n\t\t\t\t\t\t\t<img fetchpriority=\"high\" decoding=\"async\" width=\"300\" height=\"300\" src=\"https:\/\/solutecsasllc.com\/wp-content\/uploads\/2019\/10\/Solutec-LLC-2-300x300.png\" class=\"attachment-medium size-medium wp-image-1391\" alt=\"\" srcset=\"https:\/\/solutecsasllc.com\/wp-content\/uploads\/2019\/10\/Solutec-LLC-2-300x300.png 300w, https:\/\/solutecsasllc.com\/wp-content\/uploads\/2019\/10\/Solutec-LLC-2-1024x1024.png 1024w, https:\/\/solutecsasllc.com\/wp-content\/uploads\/2019\/10\/Solutec-LLC-2-150x150.png 150w, https:\/\/solutecsasllc.com\/wp-content\/uploads\/2019\/10\/Solutec-LLC-2-768x768.png 768w, https:\/\/solutecsasllc.com\/wp-content\/uploads\/2019\/10\/Solutec-LLC-2-1536x1536.png 1536w, https:\/\/solutecsasllc.com\/wp-content\/uploads\/2019\/10\/Solutec-LLC-2-100x100.png 100w, https:\/\/solutecsasllc.com\/wp-content\/uploads\/2019\/10\/Solutec-LLC-2.png 2000w\" sizes=\"100vw\" \/>\t\t\t\t\t\t\t\t<\/a>\n\t\t\t\t\t\t\t\t\t\t\t\t\t\t\t<\/div>\n\t\t\t\t<\/div>\n\t\t\t\t\t<\/div>\n\t\t<\/div>\n\t\t\t\t<div class=\"elementor-column elementor-col-66 elementor-top-column elementor-element elementor-element-ab022a2\" data-id=\"ab022a2\" data-element_type=\"column\">\n\t\t\t<div class=\"elementor-widget-wrap elementor-element-populated\">\n\t\t\t\t\t\t<div class=\"elementor-element elementor-element-1abc208 elementor-nav-menu__align-center elementor-nav-menu--dropdown-none elementor-widget elementor-widget-nav-menu\" data-id=\"1abc208\" data-element_type=\"widget\" data-settings=\"{&quot;layout&quot;:&quot;horizontal&quot;,&quot;submenu_icon&quot;:{&quot;value&quot;:&quot;&lt;i class=\\&quot;fa fa-caret-down\\&quot;&gt;&lt;\\\/i&gt;&quot;,&quot;library&quot;:&quot;fa-solid&quot;}}\" data-widget_type=\"nav-menu.default\">\n\t\t\t\t<div class=\"elementor-widget-container\">\n\t\t\t\t\t\t\t\t<nav class=\"elementor-nav-menu--main elementor-nav-menu__container elementor-nav-menu--layout-horizontal e--pointer-text e--animation-grow\">\n\t\t\t\t<ul id=\"menu-1-1abc208\" class=\"elementor-nav-menu\"><li class=\"menu-item menu-item-type-custom menu-item-object-custom menu-item-home menu-item-23\"><a href=\"https:\/\/solutecsasllc.com\/\" class=\"elementor-item\">HOME<\/a><\/li>\n<li class=\"menu-item menu-item-type-post_type menu-item-object-page menu-item-has-children menu-item-1590\"><a href=\"https:\/\/solutecsasllc.com\/?page_id=1574\" class=\"elementor-item\">SOLUTIONS<\/a>\n<ul class=\"sub-menu elementor-nav-menu--dropdown\">\n\t<li class=\"menu-item menu-item-type-custom menu-item-object-custom menu-item-1591\"><a href=\"https:\/\/solutecsasllc.com\/?page_id=1574\" class=\"elementor-sub-item\">SOLUTIONS<\/a><\/li>\n<\/ul>\n<\/li>\n<li class=\"menu-item menu-item-type-post_type menu-item-object-page menu-item-has-children menu-item-1245\"><a href=\"https:\/\/solutecsasllc.com\/?page_id=929\" class=\"elementor-item\">CLOUD<\/a>\n<ul class=\"sub-menu elementor-nav-menu--dropdown\">\n\t<li class=\"menu-item menu-item-type-post_type menu-item-object-page menu-item-956\"><a href=\"https:\/\/solutecsasllc.com\/?page_id=929\" class=\"elementor-sub-item\">CLOUD<\/a><\/li>\n\t<li class=\"menu-item menu-item-type-post_type menu-item-object-page menu-item-1314\"><a href=\"https:\/\/solutecsasllc.com\/?page_id=1238\" class=\"elementor-sub-item\">TSplus \u2013 Escritorios Virtuales<\/a><\/li>\n\t<li class=\"menu-item menu-item-type-post_type menu-item-object-page menu-item-143\"><a href=\"https:\/\/solutecsasllc.com\/?page_id=135\" class=\"elementor-sub-item\">INFORMATION SECURITY<\/a><\/li>\n\t<li class=\"menu-item menu-item-type-post_type menu-item-object-page menu-item-142\"><a href=\"https:\/\/solutecsasllc.com\/?page_id=137\" class=\"elementor-sub-item\">INFRASTRUCTURE AND SUPPORT<\/a><\/li>\n\t<li class=\"menu-item menu-item-type-post_type menu-item-object-page menu-item-1202\"><a href=\"https:\/\/solutecsasllc.com\/?page_id=139\" class=\"elementor-sub-item\">ALTERNATE BACKUP SITE<\/a><\/li>\n<\/ul>\n<\/li>\n<li class=\"menu-item menu-item-type-custom menu-item-object-custom menu-item-58\"><a target=\"_blank\" href=\"https:\/\/servicios.mioficina.co\/\" class=\"elementor-item\">HELP DESK<\/a><\/li>\n<li class=\"menu-item menu-item-type-post_type menu-item-object-page menu-item-26\"><a href=\"https:\/\/solutecsasllc.com\/?page_id=10\" class=\"elementor-item\">CONTACT US<\/a><\/li>\n<\/ul>\t\t\t<\/nav>\n\t\t\t\t\t\t<nav class=\"elementor-nav-menu--dropdown elementor-nav-menu__container\" aria-hidden=\"true\">\n\t\t\t\t<ul id=\"menu-2-1abc208\" class=\"elementor-nav-menu\"><li class=\"menu-item menu-item-type-custom menu-item-object-custom menu-item-home menu-item-23\"><a href=\"https:\/\/solutecsasllc.com\/\" class=\"elementor-item\" tabindex=\"-1\">HOME<\/a><\/li>\n<li class=\"menu-item menu-item-type-post_type menu-item-object-page menu-item-has-children menu-item-1590\"><a href=\"https:\/\/solutecsasllc.com\/?page_id=1574\" class=\"elementor-item\" tabindex=\"-1\">SOLUTIONS<\/a>\n<ul class=\"sub-menu elementor-nav-menu--dropdown\">\n\t<li class=\"menu-item menu-item-type-custom menu-item-object-custom menu-item-1591\"><a href=\"https:\/\/solutecsasllc.com\/?page_id=1574\" class=\"elementor-sub-item\" tabindex=\"-1\">SOLUTIONS<\/a><\/li>\n<\/ul>\n<\/li>\n<li class=\"menu-item menu-item-type-post_type menu-item-object-page menu-item-has-children menu-item-1245\"><a href=\"https:\/\/solutecsasllc.com\/?page_id=929\" class=\"elementor-item\" tabindex=\"-1\">CLOUD<\/a>\n<ul class=\"sub-menu elementor-nav-menu--dropdown\">\n\t<li class=\"menu-item menu-item-type-post_type menu-item-object-page menu-item-956\"><a href=\"https:\/\/solutecsasllc.com\/?page_id=929\" class=\"elementor-sub-item\" tabindex=\"-1\">CLOUD<\/a><\/li>\n\t<li class=\"menu-item menu-item-type-post_type menu-item-object-page menu-item-1314\"><a href=\"https:\/\/solutecsasllc.com\/?page_id=1238\" class=\"elementor-sub-item\" tabindex=\"-1\">TSplus \u2013 Escritorios Virtuales<\/a><\/li>\n\t<li class=\"menu-item menu-item-type-post_type menu-item-object-page menu-item-143\"><a href=\"https:\/\/solutecsasllc.com\/?page_id=135\" class=\"elementor-sub-item\" tabindex=\"-1\">INFORMATION SECURITY<\/a><\/li>\n\t<li class=\"menu-item menu-item-type-post_type menu-item-object-page menu-item-142\"><a href=\"https:\/\/solutecsasllc.com\/?page_id=137\" class=\"elementor-sub-item\" tabindex=\"-1\">INFRASTRUCTURE AND SUPPORT<\/a><\/li>\n\t<li class=\"menu-item menu-item-type-post_type menu-item-object-page menu-item-1202\"><a href=\"https:\/\/solutecsasllc.com\/?page_id=139\" class=\"elementor-sub-item\" tabindex=\"-1\">ALTERNATE BACKUP SITE<\/a><\/li>\n<\/ul>\n<\/li>\n<li class=\"menu-item menu-item-type-custom menu-item-object-custom menu-item-58\"><a target=\"_blank\" href=\"https:\/\/servicios.mioficina.co\/\" class=\"elementor-item\" tabindex=\"-1\">HELP DESK<\/a><\/li>\n<li class=\"menu-item menu-item-type-post_type menu-item-object-page menu-item-26\"><a href=\"https:\/\/solutecsasllc.com\/?page_id=10\" class=\"elementor-item\" tabindex=\"-1\">CONTACT US<\/a><\/li>\n<\/ul>\t\t\t<\/nav>\n\t\t\t\t\t\t<\/div>\n\t\t\t\t<\/div>\n\t\t\t\t\t<\/div>\n\t\t<\/div>\n\t\t\t\t\t<\/div>\n\t\t<\/section>\n\t\t\t\t\t\t\t<\/div>\n\t\t\t\t<\/div>\n\t\t<\/div>\n\t\t\t\t\t\t<\/div>\n\t\t\t\t<\/div>\n\t\t\t\t<div class=\"elementor-element elementor-element-5109b02 elementor-widget elementor-widget-spacer\" data-id=\"5109b02\" data-element_type=\"widget\" data-widget_type=\"spacer.default\">\n\t\t\t\t<div class=\"elementor-widget-container\">\n\t\t\t\t\t\t\t<div class=\"elementor-spacer\">\n\t\t\t<div class=\"elementor-spacer-inner\"><\/div>\n\t\t<\/div>\n\t\t\t\t\t\t<\/div>\n\t\t\t\t<\/div>\n\t\t\t\t\t<\/div>\n\t\t<\/div>\n\t\t\t\t\t<\/div>\n\t\t<\/section>\n\t\t\t\t<section class=\"elementor-section elementor-top-section elementor-element elementor-element-e5be7be elementor-section-stretched elementor-section-boxed elementor-section-height-default elementor-section-height-default\" data-id=\"e5be7be\" data-element_type=\"section\" data-settings=\"{&quot;stretch_section&quot;:&quot;section-stretched&quot;}\">\n\t\t\t\t\t\t<div class=\"elementor-container elementor-column-gap-default\">\n\t\t\t\t\t<div class=\"elementor-column elementor-col-100 elementor-top-column elementor-element elementor-element-3495d6e9\" data-id=\"3495d6e9\" data-element_type=\"column\">\n\t\t\t<div class=\"elementor-widget-wrap elementor-element-populated\">\n\t\t\t\t\t\t<div class=\"elementor-element elementor-element-f24cee2 elementor-widget elementor-widget-spacer\" data-id=\"f24cee2\" data-element_type=\"widget\" data-widget_type=\"spacer.default\">\n\t\t\t\t<div class=\"elementor-widget-container\">\n\t\t\t\t\t\t\t<div class=\"elementor-spacer\">\n\t\t\t<div class=\"elementor-spacer-inner\"><\/div>\n\t\t<\/div>\n\t\t\t\t\t\t<\/div>\n\t\t\t\t<\/div>\n\t\t\t\t<div class=\"elementor-element elementor-element-75674fb1 elementor-widget elementor-widget-text-editor\" data-id=\"75674fb1\" data-element_type=\"widget\" data-widget_type=\"text-editor.default\">\n\t\t\t\t<div class=\"elementor-widget-container\">\n\t\t\t\t\t\t\t\t\t<div class=\"row text-center\"><div class=\"col-lg-8 col-xs-12 text-center\"><div class=\"row text-center\"><div class=\"col-lg-8 col-xs-12\"><p class=\"text-justify\">La Telefon\u00eda IP cada vez es m\u00e1s adoptada por la mayor\u00eda de las empresa que ven las garant\u00edas y beneficios de las comunicaciones unificadas (eficiencia en la atenci\u00f3n, grabaciones, seguimientos, reportes, facilidad de gesti\u00f3n y administraci\u00f3n). D\u00e9jenos ser sus aliados en esta transici\u00f3n y\/o ser su mano derecha para la gesti\u00f3n y administraci\u00f3n de su soluci\u00f3n actual.<\/p><\/div><\/div><\/div><\/div><div class=\"row\"><div class=\"col-lg-4 col-xs-12 text-center space-content\">\u00a0<\/div><\/div>\t\t\t\t\t\t\t\t<\/div>\n\t\t\t\t<\/div>\n\t\t\t\t\t<\/div>\n\t\t<\/div>\n\t\t\t\t\t<\/div>\n\t\t<\/section>\n\t\t\t\t<section class=\"elementor-section elementor-top-section elementor-element elementor-element-4e332a49 elementor-section-stretched elementor-section-boxed elementor-section-height-default elementor-section-height-default\" data-id=\"4e332a49\" data-element_type=\"section\" data-settings=\"{&quot;stretch_section&quot;:&quot;section-stretched&quot;}\">\n\t\t\t\t\t\t<div class=\"elementor-container elementor-column-gap-default\">\n\t\t\t\t\t<div class=\"elementor-column elementor-col-100 elementor-top-column elementor-element elementor-element-32c94a24\" data-id=\"32c94a24\" data-element_type=\"column\">\n\t\t\t<div class=\"elementor-widget-wrap elementor-element-populated\">\n\t\t\t\t\t\t<div class=\"elementor-element elementor-element-68fce09 elementor-widget elementor-widget-image\" data-id=\"68fce09\" data-element_type=\"widget\" data-widget_type=\"image.default\">\n\t\t\t\t<div class=\"elementor-widget-container\">\n\t\t\t\t\t\t\t\t\t\t\t\t\t\t\t<img decoding=\"async\" width=\"1000\" height=\"664\" src=\"https:\/\/solutecsasllc.com\/wp-content\/uploads\/2020\/07\/telefonia-ip-1.png\" class=\"attachment-full size-full wp-image-1116\" alt=\"\" srcset=\"https:\/\/solutecsasllc.com\/wp-content\/uploads\/2020\/07\/telefonia-ip-1.png 1000w, https:\/\/solutecsasllc.com\/wp-content\/uploads\/2020\/07\/telefonia-ip-1-300x199.png 300w, https:\/\/solutecsasllc.com\/wp-content\/uploads\/2020\/07\/telefonia-ip-1-768x510.png 768w\" sizes=\"100vw\" \/>\t\t\t\t\t\t\t\t\t\t\t\t\t\t\t<\/div>\n\t\t\t\t<\/div>\n\t\t\t\t\t<\/div>\n\t\t<\/div>\n\t\t\t\t\t<\/div>\n\t\t<\/section>\n\t\t\t\t<section class=\"elementor-section elementor-top-section elementor-element elementor-element-3120dcad elementor-section-stretched elementor-section-content-middle elementor-section-boxed elementor-section-height-default elementor-section-height-default\" data-id=\"3120dcad\" data-element_type=\"section\" data-settings=\"{&quot;stretch_section&quot;:&quot;section-stretched&quot;}\">\n\t\t\t\t\t\t<div class=\"elementor-container elementor-column-gap-default\">\n\t\t\t\t\t<div class=\"elementor-column elementor-col-100 elementor-top-column elementor-element elementor-element-7c495c00\" data-id=\"7c495c00\" data-element_type=\"column\">\n\t\t\t<div class=\"elementor-widget-wrap elementor-element-populated\">\n\t\t\t\t\t\t<div class=\"elementor-element elementor-element-72ad1288 elementor-arrows-position-inside elementor-pagination-position-outside elementor-widget elementor-widget-image-carousel\" data-id=\"72ad1288\" data-element_type=\"widget\" data-settings=\"{&quot;slides_to_show&quot;:&quot;3&quot;,&quot;navigation&quot;:&quot;both&quot;,&quot;autoplay&quot;:&quot;yes&quot;,&quot;pause_on_hover&quot;:&quot;yes&quot;,&quot;pause_on_interaction&quot;:&quot;yes&quot;,&quot;autoplay_speed&quot;:5000,&quot;infinite&quot;:&quot;yes&quot;,&quot;speed&quot;:500}\" data-widget_type=\"image-carousel.default\">\n\t\t\t\t<div class=\"elementor-widget-container\">\n\t\t\t\t\t\t\t<div class=\"elementor-image-carousel-wrapper swiper\" role=\"region\" aria-roledescription=\"carousel\" aria-label=\"Carrusel de im\u00e1genes\" dir=\"ltr\">\n\t\t\t<div class=\"elementor-image-carousel swiper-wrapper\" aria-live=\"off\">\n\t\t\t\t\t\t\t\t<div class=\"swiper-slide\" role=\"group\" aria-roledescription=\"slide\" aria-label=\"1 of 7\"><a data-elementor-open-lightbox=\"yes\" data-elementor-lightbox-slideshow=\"72ad1288\" data-elementor-lightbox-title=\"granstream\" data-e-action-hash=\"#elementor-action%3Aaction%3Dlightbox%26settings%3DeyJpZCI6MTEzNywidXJsIjoiaHR0cHM6XC9cL3NvbHV0ZWNzYXNsbGMuY29tXC93cC1jb250ZW50XC91cGxvYWRzXC8yMDIwXC8wN1wvZ3JhbnN0cmVhbS5wbmciLCJzbGlkZXNob3ciOiI3MmFkMTI4OCJ9\" href=\"https:\/\/solutecsasllc.com\/wp-content\/uploads\/2020\/07\/granstream.png\"><figure class=\"swiper-slide-inner\"><img decoding=\"async\" class=\"swiper-slide-image\" src=\"https:\/\/solutecsasllc.com\/wp-content\/uploads\/elementor\/thumbs\/granstream-qgpxvg8m88rfwkerdp5eeh72fb45ceg6cw03o81efs.png\" alt=\"granstream\" \/><\/figure><\/a><\/div><div class=\"swiper-slide\" role=\"group\" aria-roledescription=\"slide\" aria-label=\"2 of 7\"><a data-elementor-open-lightbox=\"yes\" data-elementor-lightbox-slideshow=\"72ad1288\" data-elementor-lightbox-title=\"yeastar\" data-e-action-hash=\"#elementor-action%3Aaction%3Dlightbox%26settings%3DeyJpZCI6MTEzOCwidXJsIjoiaHR0cHM6XC9cL3NvbHV0ZWNzYXNsbGMuY29tXC93cC1jb250ZW50XC91cGxvYWRzXC8yMDIwXC8wN1wveWVhc3Rhci5wbmciLCJzbGlkZXNob3ciOiI3MmFkMTI4OCJ9\" href=\"https:\/\/solutecsasllc.com\/wp-content\/uploads\/2020\/07\/yeastar.png\"><figure class=\"swiper-slide-inner\"><img decoding=\"async\" class=\"swiper-slide-image\" src=\"https:\/\/solutecsasllc.com\/wp-content\/uploads\/elementor\/thumbs\/yeastar-qgpxvg8m88rfwkerdp5eeh72fb45ceg6cw03o81efs.png\" alt=\"yeastar\" \/><\/figure><\/a><\/div><div class=\"swiper-slide\" role=\"group\" aria-roledescription=\"slide\" aria-label=\"3 of 7\"><a data-elementor-open-lightbox=\"yes\" data-elementor-lightbox-slideshow=\"72ad1288\" data-elementor-lightbox-title=\"Cisco\" data-e-action-hash=\"#elementor-action%3Aaction%3Dlightbox%26settings%3DeyJpZCI6MTM1NiwidXJsIjoiaHR0cHM6XC9cL3NvbHV0ZWNzYXNsbGMuY29tXC93cC1jb250ZW50XC91cGxvYWRzXC8yMDIyXC8wMlwvQ2lzY28ucG5nIiwic2xpZGVzaG93IjoiNzJhZDEyODgifQ%3D%3D\" href=\"https:\/\/solutecsasllc.com\/wp-content\/uploads\/2022\/02\/Cisco.png\"><figure class=\"swiper-slide-inner\"><img decoding=\"async\" class=\"swiper-slide-image\" src=\"https:\/\/solutecsasllc.com\/wp-content\/uploads\/elementor\/thumbs\/Cisco-qgpxvg8m88rfwkerdp5eeh72fb45ceg6cw03o81efs.png\" alt=\"Cisco\" \/><\/figure><\/a><\/div><div class=\"swiper-slide\" role=\"group\" aria-roledescription=\"slide\" aria-label=\"4 of 7\"><a data-elementor-open-lightbox=\"yes\" data-elementor-lightbox-slideshow=\"72ad1288\" data-elementor-lightbox-title=\"issabel\" data-e-action-hash=\"#elementor-action%3Aaction%3Dlightbox%26settings%3DeyJpZCI6MTE0MSwidXJsIjoiaHR0cHM6XC9cL3NvbHV0ZWNzYXNsbGMuY29tXC93cC1jb250ZW50XC91cGxvYWRzXC8yMDIwXC8wN1wvaXNzYWJlbC5wbmciLCJzbGlkZXNob3ciOiI3MmFkMTI4OCJ9\" href=\"https:\/\/solutecsasllc.com\/wp-content\/uploads\/2020\/07\/issabel.png\"><figure class=\"swiper-slide-inner\"><img decoding=\"async\" class=\"swiper-slide-image\" src=\"https:\/\/solutecsasllc.com\/wp-content\/uploads\/elementor\/thumbs\/issabel-qgpxvg8m88rfwkerdp5eeh72fb45ceg6cw03o81efs.png\" alt=\"issabel\" \/><\/figure><\/a><\/div><div class=\"swiper-slide\" role=\"group\" aria-roledescription=\"slide\" aria-label=\"5 of 7\"><a data-elementor-open-lightbox=\"yes\" data-elementor-lightbox-slideshow=\"72ad1288\" data-elementor-lightbox-title=\"Yealink\" data-e-action-hash=\"#elementor-action%3Aaction%3Dlightbox%26settings%3DeyJpZCI6MTM1NywidXJsIjoiaHR0cHM6XC9cL3NvbHV0ZWNzYXNsbGMuY29tXC93cC1jb250ZW50XC91cGxvYWRzXC8yMDIyXC8wMlwvWWVhbGluay5wbmciLCJzbGlkZXNob3ciOiI3MmFkMTI4OCJ9\" href=\"https:\/\/solutecsasllc.com\/wp-content\/uploads\/2022\/02\/Yealink.png\"><figure class=\"swiper-slide-inner\"><img decoding=\"async\" class=\"swiper-slide-image\" src=\"https:\/\/solutecsasllc.com\/wp-content\/uploads\/elementor\/thumbs\/Yealink-qgpxvg8m88rfwkerdp5eeh72fb45ceg6cw03o81efs.png\" alt=\"Yealink\" \/><\/figure><\/a><\/div><div class=\"swiper-slide\" role=\"group\" aria-roledescription=\"slide\" aria-label=\"6 of 7\"><a data-elementor-open-lightbox=\"yes\" data-elementor-lightbox-slideshow=\"72ad1288\" data-elementor-lightbox-title=\"fanvil\" data-e-action-hash=\"#elementor-action%3Aaction%3Dlightbox%26settings%3DeyJpZCI6NDYwLCJ1cmwiOiJodHRwczpcL1wvc29sdXRlY3Nhc2xsYy5jb21cL3dwLWNvbnRlbnRcL3VwbG9hZHNcLzIwMTlcLzA2XC9mYW52aWwucG5nIiwic2xpZGVzaG93IjoiNzJhZDEyODgifQ%3D%3D\" href=\"https:\/\/solutecsasllc.com\/wp-content\/uploads\/2019\/06\/fanvil.png\"><figure class=\"swiper-slide-inner\"><img decoding=\"async\" class=\"swiper-slide-image\" src=\"https:\/\/solutecsasllc.com\/wp-content\/uploads\/elementor\/thumbs\/fanvil-qgpxvecxukov9chhooc59ho58jdex08pomp4po46s8.png\" alt=\"fanvil\" \/><\/figure><\/a><\/div><div class=\"swiper-slide\" role=\"group\" aria-roledescription=\"slide\" aria-label=\"7 of 7\"><a data-elementor-open-lightbox=\"yes\" data-elementor-lightbox-slideshow=\"72ad1288\" data-elementor-lightbox-title=\"openvox\" data-e-action-hash=\"#elementor-action%3Aaction%3Dlightbox%26settings%3DeyJpZCI6MTE0MywidXJsIjoiaHR0cHM6XC9cL3NvbHV0ZWNzYXNsbGMuY29tXC93cC1jb250ZW50XC91cGxvYWRzXC8yMDIwXC8wN1wvb3BlbnZveC5wbmciLCJzbGlkZXNob3ciOiI3MmFkMTI4OCJ9\" href=\"https:\/\/solutecsasllc.com\/wp-content\/uploads\/2020\/07\/openvox.png\"><figure class=\"swiper-slide-inner\"><img decoding=\"async\" class=\"swiper-slide-image\" src=\"https:\/\/solutecsasllc.com\/wp-content\/uploads\/elementor\/thumbs\/openvox-qgpxvg8m88rfwkerdp5eeh72fb45ceg6cw03o81efs.png\" alt=\"openvox\" \/><\/figure><\/a><\/div>\t\t\t<\/div>\n\t\t\t\t\t\t\t\t\t\t\t\t<div class=\"elementor-swiper-button elementor-swiper-button-prev\" role=\"button\" tabindex=\"0\">\n\t\t\t\t\t\t<i aria-hidden=\"true\" class=\"eicon-chevron-left\"><\/i>\t\t\t\t\t<\/div>\n\t\t\t\t\t<div class=\"elementor-swiper-button elementor-swiper-button-next\" role=\"button\" tabindex=\"0\">\n\t\t\t\t\t\t<i aria-hidden=\"true\" class=\"eicon-chevron-right\"><\/i>\t\t\t\t\t<\/div>\n\t\t\t\t\n\t\t\t\t\t\t\t\t\t<div class=\"swiper-pagination\"><\/div>\n\t\t\t\t\t\t\t\t\t<\/div>\n\t\t\t\t\t\t<\/div>\n\t\t\t\t<\/div>\n\t\t\t\t\t<\/div>\n\t\t<\/div>\n\t\t\t\t\t<\/div>\n\t\t<\/section>\n\t\t\t\t<\/div>\n\t\t","protected":false},"excerpt":{"rendered":"<p>La Telefon\u00eda IP cada vez es m\u00e1s adoptada por la mayor\u00eda de las empresa que ven las garant\u00edas y beneficios de las comunicaciones unificadas (eficiencia en la atenci\u00f3n, grabaciones, seguimientos, reportes, facilidad de gesti\u00f3n y administraci\u00f3n). D\u00e9jenos ser sus aliados en esta transici\u00f3n y\/o ser su mano derecha para la gesti\u00f3n y administraci\u00f3n de su &hellip; <\/p>\n<p class=\"link-more\"><a href=\"https:\/\/solutecsasllc.com\/?page_id=456\" class=\"more-link\">Continuar leyendo<span class=\"screen-reader-text\"> &#8220;IP TELEPHONY&#8221;<\/span><\/a><\/p>\n","protected":false},"author":3,"featured_media":0,"parent":0,"menu_order":0,"comment_status":"closed","ping_status":"closed","template":"","meta":{"footnotes":""},"class_list":["post-456","page","type-page","status-publish","hentry"],"_links":{"self":[{"href":"https:\/\/solutecsasllc.com\/index.php?rest_route=\/wp\/v2\/pages\/456","targetHints":{"allow":["GET"]}}],"collection":[{"href":"https:\/\/solutecsasllc.com\/index.php?rest_route=\/wp\/v2\/pages"}],"about":[{"href":"https:\/\/solutecsasllc.com\/index.php?rest_route=\/wp\/v2\/types\/page"}],"author":[{"embeddable":true,"href":"https:\/\/solutecsasllc.com\/index.php?rest_route=\/wp\/v2\/users\/3"}],"replies":[{"embeddable":true,"href":"https:\/\/solutecsasllc.com\/index.php?rest_route=%2Fwp%2Fv2%2Fcomments&post=456"}],"version-history":[{"count":10,"href":"https:\/\/solutecsasllc.com\/index.php?rest_route=\/wp\/v2\/pages\/456\/revisions"}],"predecessor-version":[{"id":1736,"href":"https:\/\/solutecsasllc.com\/index.php?rest_route=\/wp\/v2\/pages\/456\/revisions\/1736"}],"wp:attachment":[{"href":"https:\/\/solutecsasllc.com\/index.php?rest_route=%2Fwp%2Fv2%2Fmedia&parent=456"}],"curies":[{"name":"wp","href":"https:\/\/api.w.org\/{rel}","templated":true}]}}