{"id":1238,"date":"2020-12-29T12:47:21","date_gmt":"2020-12-29T17:47:21","guid":{"rendered":"http:\/\/172.16.150.171:1090\/?page_id=1238"},"modified":"2021-01-20T16:16:43","modified_gmt":"2021-01-20T21:16:43","slug":"tsplus-escritorios-virtuales","status":"publish","type":"page","link":"https:\/\/solutecsasllc.com\/?page_id=1238","title":{"rendered":"TSplus &#8211; Escritorios Virtuales"},"content":{"rendered":"\t\t<div data-elementor-type=\"wp-page\" data-elementor-id=\"1238\" class=\"elementor elementor-1238\" data-elementor-post-type=\"page\">\n\t\t\t\t\t\t<section class=\"elementor-section elementor-top-section elementor-element elementor-element-0c56ef4 elementor-section-stretched elementor-section-full_width elementor-section-height-default elementor-section-height-default\" data-id=\"0c56ef4\" data-element_type=\"section\" data-settings=\"{&quot;stretch_section&quot;:&quot;section-stretched&quot;}\">\n\t\t\t\t\t\t<div class=\"elementor-container elementor-column-gap-default\">\n\t\t\t\t\t<div class=\"elementor-column elementor-col-100 elementor-top-column elementor-element elementor-element-03350d2\" data-id=\"03350d2\" data-element_type=\"column\">\n\t\t\t<div class=\"elementor-widget-wrap elementor-element-populated\">\n\t\t\t\t\t\t<div class=\"elementor-element elementor-element-19667cf elementor-widget elementor-widget-shortcode\" data-id=\"19667cf\" data-element_type=\"widget\" data-widget_type=\"shortcode.default\">\n\t\t\t\t<div class=\"elementor-widget-container\">\n\t\t\t\t\t\t\t<div class=\"elementor-shortcode\">\t\t<div data-elementor-type=\"header\" data-elementor-id=\"756\" class=\"elementor elementor-756\" data-elementor-post-type=\"elementor_library\">\n\t\t\t\t\t<div class=\"elementor-section-wrap\">\n\t\t\t\t\t\t\t\t<section class=\"elementor-section elementor-top-section elementor-element elementor-element-d0223e1 elementor-section-full_width elementor-section-height-default elementor-section-height-default\" data-id=\"d0223e1\" data-element_type=\"section\">\n\t\t\t\t\t\t<div class=\"elementor-container elementor-column-gap-no\">\n\t\t\t\t\t<div class=\"elementor-column elementor-col-33 elementor-top-column elementor-element elementor-element-082982f\" data-id=\"082982f\" data-element_type=\"column\">\n\t\t\t<div class=\"elementor-widget-wrap elementor-element-populated\">\n\t\t\t\t\t\t<div class=\"elementor-element elementor-element-2dda497 elementor-widget elementor-widget-image\" data-id=\"2dda497\" data-element_type=\"widget\" data-widget_type=\"image.default\">\n\t\t\t\t<div class=\"elementor-widget-container\">\n\t\t\t\t\t\t\t\t\t\t\t\t\t\t\t\t<a href=\"https:\/\/solutecsasllc.com\/\">\n\t\t\t\t\t\t\t<img fetchpriority=\"high\" decoding=\"async\" width=\"300\" height=\"300\" src=\"https:\/\/solutecsasllc.com\/wp-content\/uploads\/2019\/10\/Solutec-LLC-2-300x300.png\" class=\"attachment-medium size-medium wp-image-1391\" alt=\"\" srcset=\"https:\/\/solutecsasllc.com\/wp-content\/uploads\/2019\/10\/Solutec-LLC-2-300x300.png 300w, https:\/\/solutecsasllc.com\/wp-content\/uploads\/2019\/10\/Solutec-LLC-2-1024x1024.png 1024w, https:\/\/solutecsasllc.com\/wp-content\/uploads\/2019\/10\/Solutec-LLC-2-150x150.png 150w, https:\/\/solutecsasllc.com\/wp-content\/uploads\/2019\/10\/Solutec-LLC-2-768x768.png 768w, https:\/\/solutecsasllc.com\/wp-content\/uploads\/2019\/10\/Solutec-LLC-2-1536x1536.png 1536w, https:\/\/solutecsasllc.com\/wp-content\/uploads\/2019\/10\/Solutec-LLC-2-100x100.png 100w, https:\/\/solutecsasllc.com\/wp-content\/uploads\/2019\/10\/Solutec-LLC-2.png 2000w\" sizes=\"100vw\" \/>\t\t\t\t\t\t\t\t<\/a>\n\t\t\t\t\t\t\t\t\t\t\t\t\t\t\t<\/div>\n\t\t\t\t<\/div>\n\t\t\t\t\t<\/div>\n\t\t<\/div>\n\t\t\t\t<div class=\"elementor-column elementor-col-66 elementor-top-column elementor-element elementor-element-ab022a2\" data-id=\"ab022a2\" data-element_type=\"column\">\n\t\t\t<div class=\"elementor-widget-wrap elementor-element-populated\">\n\t\t\t\t\t\t<div class=\"elementor-element elementor-element-1abc208 elementor-nav-menu__align-center elementor-nav-menu--dropdown-none elementor-widget elementor-widget-nav-menu\" data-id=\"1abc208\" data-element_type=\"widget\" data-settings=\"{&quot;layout&quot;:&quot;horizontal&quot;,&quot;submenu_icon&quot;:{&quot;value&quot;:&quot;&lt;i class=\\&quot;fa fa-caret-down\\&quot;&gt;&lt;\\\/i&gt;&quot;,&quot;library&quot;:&quot;fa-solid&quot;}}\" data-widget_type=\"nav-menu.default\">\n\t\t\t\t<div class=\"elementor-widget-container\">\n\t\t\t\t\t\t\t\t<nav class=\"elementor-nav-menu--main elementor-nav-menu__container elementor-nav-menu--layout-horizontal e--pointer-text e--animation-grow\">\n\t\t\t\t<ul id=\"menu-1-1abc208\" class=\"elementor-nav-menu\"><li class=\"menu-item menu-item-type-custom menu-item-object-custom menu-item-home menu-item-23\"><a href=\"https:\/\/solutecsasllc.com\/\" class=\"elementor-item\">HOME<\/a><\/li>\n<li class=\"menu-item menu-item-type-post_type menu-item-object-page menu-item-has-children menu-item-1590\"><a href=\"https:\/\/solutecsasllc.com\/?page_id=1574\" class=\"elementor-item\">SOLUTIONS<\/a>\n<ul class=\"sub-menu elementor-nav-menu--dropdown\">\n\t<li class=\"menu-item menu-item-type-custom menu-item-object-custom menu-item-1591\"><a href=\"https:\/\/solutecsasllc.com\/?page_id=1574\" class=\"elementor-sub-item\">SOLUTIONS<\/a><\/li>\n<\/ul>\n<\/li>\n<li class=\"menu-item menu-item-type-post_type menu-item-object-page menu-item-has-children menu-item-1245\"><a href=\"https:\/\/solutecsasllc.com\/?page_id=929\" class=\"elementor-item\">CLOUD<\/a>\n<ul class=\"sub-menu elementor-nav-menu--dropdown\">\n\t<li class=\"menu-item menu-item-type-post_type menu-item-object-page menu-item-956\"><a href=\"https:\/\/solutecsasllc.com\/?page_id=929\" class=\"elementor-sub-item\">CLOUD<\/a><\/li>\n\t<li class=\"menu-item menu-item-type-post_type menu-item-object-page menu-item-1314\"><a href=\"https:\/\/solutecsasllc.com\/?page_id=1238\" class=\"elementor-sub-item\">TSplus \u2013 Escritorios Virtuales<\/a><\/li>\n\t<li class=\"menu-item menu-item-type-post_type menu-item-object-page menu-item-143\"><a href=\"https:\/\/solutecsasllc.com\/?page_id=135\" class=\"elementor-sub-item\">INFORMATION SECURITY<\/a><\/li>\n\t<li class=\"menu-item menu-item-type-post_type menu-item-object-page menu-item-142\"><a href=\"https:\/\/solutecsasllc.com\/?page_id=137\" class=\"elementor-sub-item\">INFRASTRUCTURE AND SUPPORT<\/a><\/li>\n\t<li class=\"menu-item menu-item-type-post_type menu-item-object-page menu-item-1202\"><a href=\"https:\/\/solutecsasllc.com\/?page_id=139\" class=\"elementor-sub-item\">ALTERNATE BACKUP SITE<\/a><\/li>\n<\/ul>\n<\/li>\n<li class=\"menu-item menu-item-type-custom menu-item-object-custom menu-item-58\"><a target=\"_blank\" href=\"https:\/\/servicios.mioficina.co\/\" class=\"elementor-item\">HELP DESK<\/a><\/li>\n<li class=\"menu-item menu-item-type-post_type menu-item-object-page menu-item-26\"><a href=\"https:\/\/solutecsasllc.com\/?page_id=10\" class=\"elementor-item\">CONTACT US<\/a><\/li>\n<\/ul>\t\t\t<\/nav>\n\t\t\t\t\t\t<nav class=\"elementor-nav-menu--dropdown elementor-nav-menu__container\" aria-hidden=\"true\">\n\t\t\t\t<ul id=\"menu-2-1abc208\" class=\"elementor-nav-menu\"><li class=\"menu-item menu-item-type-custom menu-item-object-custom menu-item-home menu-item-23\"><a href=\"https:\/\/solutecsasllc.com\/\" class=\"elementor-item\" tabindex=\"-1\">HOME<\/a><\/li>\n<li class=\"menu-item menu-item-type-post_type menu-item-object-page menu-item-has-children menu-item-1590\"><a href=\"https:\/\/solutecsasllc.com\/?page_id=1574\" class=\"elementor-item\" tabindex=\"-1\">SOLUTIONS<\/a>\n<ul class=\"sub-menu elementor-nav-menu--dropdown\">\n\t<li class=\"menu-item menu-item-type-custom menu-item-object-custom menu-item-1591\"><a href=\"https:\/\/solutecsasllc.com\/?page_id=1574\" class=\"elementor-sub-item\" tabindex=\"-1\">SOLUTIONS<\/a><\/li>\n<\/ul>\n<\/li>\n<li class=\"menu-item menu-item-type-post_type menu-item-object-page menu-item-has-children menu-item-1245\"><a href=\"https:\/\/solutecsasllc.com\/?page_id=929\" class=\"elementor-item\" tabindex=\"-1\">CLOUD<\/a>\n<ul class=\"sub-menu elementor-nav-menu--dropdown\">\n\t<li class=\"menu-item menu-item-type-post_type menu-item-object-page menu-item-956\"><a href=\"https:\/\/solutecsasllc.com\/?page_id=929\" class=\"elementor-sub-item\" tabindex=\"-1\">CLOUD<\/a><\/li>\n\t<li class=\"menu-item menu-item-type-post_type menu-item-object-page menu-item-1314\"><a href=\"https:\/\/solutecsasllc.com\/?page_id=1238\" class=\"elementor-sub-item\" tabindex=\"-1\">TSplus \u2013 Escritorios Virtuales<\/a><\/li>\n\t<li class=\"menu-item menu-item-type-post_type menu-item-object-page menu-item-143\"><a href=\"https:\/\/solutecsasllc.com\/?page_id=135\" class=\"elementor-sub-item\" tabindex=\"-1\">INFORMATION SECURITY<\/a><\/li>\n\t<li class=\"menu-item menu-item-type-post_type menu-item-object-page menu-item-142\"><a href=\"https:\/\/solutecsasllc.com\/?page_id=137\" class=\"elementor-sub-item\" tabindex=\"-1\">INFRASTRUCTURE AND SUPPORT<\/a><\/li>\n\t<li class=\"menu-item menu-item-type-post_type menu-item-object-page menu-item-1202\"><a href=\"https:\/\/solutecsasllc.com\/?page_id=139\" class=\"elementor-sub-item\" tabindex=\"-1\">ALTERNATE BACKUP SITE<\/a><\/li>\n<\/ul>\n<\/li>\n<li class=\"menu-item menu-item-type-custom menu-item-object-custom menu-item-58\"><a target=\"_blank\" href=\"https:\/\/servicios.mioficina.co\/\" class=\"elementor-item\" tabindex=\"-1\">HELP DESK<\/a><\/li>\n<li class=\"menu-item menu-item-type-post_type menu-item-object-page menu-item-26\"><a href=\"https:\/\/solutecsasllc.com\/?page_id=10\" class=\"elementor-item\" tabindex=\"-1\">CONTACT US<\/a><\/li>\n<\/ul>\t\t\t<\/nav>\n\t\t\t\t\t\t<\/div>\n\t\t\t\t<\/div>\n\t\t\t\t\t<\/div>\n\t\t<\/div>\n\t\t\t\t\t<\/div>\n\t\t<\/section>\n\t\t\t\t\t\t\t<\/div>\n\t\t\t\t<\/div>\n\t\t<\/div>\n\t\t\t\t\t\t<\/div>\n\t\t\t\t<\/div>\n\t\t\t\t<div class=\"elementor-element elementor-element-eb12df2 elementor-widget elementor-widget-spacer\" data-id=\"eb12df2\" data-element_type=\"widget\" data-widget_type=\"spacer.default\">\n\t\t\t\t<div class=\"elementor-widget-container\">\n\t\t\t\t\t\t\t<div class=\"elementor-spacer\">\n\t\t\t<div class=\"elementor-spacer-inner\"><\/div>\n\t\t<\/div>\n\t\t\t\t\t\t<\/div>\n\t\t\t\t<\/div>\n\t\t\t\t\t<\/div>\n\t\t<\/div>\n\t\t\t\t\t<\/div>\n\t\t<\/section>\n\t\t\t\t<section class=\"elementor-section elementor-top-section elementor-element elementor-element-ae51a15 elementor-section-stretched elementor-section-boxed elementor-section-height-default elementor-section-height-default\" data-id=\"ae51a15\" data-element_type=\"section\" data-settings=\"{&quot;stretch_section&quot;:&quot;section-stretched&quot;}\">\n\t\t\t\t\t\t<div class=\"elementor-container elementor-column-gap-default\">\n\t\t\t\t\t<div class=\"elementor-column elementor-col-100 elementor-top-column elementor-element elementor-element-d888d93\" data-id=\"d888d93\" data-element_type=\"column\">\n\t\t\t<div class=\"elementor-widget-wrap elementor-element-populated\">\n\t\t\t\t\t\t<div class=\"elementor-element elementor-element-9ebf73d elementor-widget elementor-widget-spacer\" data-id=\"9ebf73d\" data-element_type=\"widget\" data-widget_type=\"spacer.default\">\n\t\t\t\t<div class=\"elementor-widget-container\">\n\t\t\t\t\t\t\t<div class=\"elementor-spacer\">\n\t\t\t<div class=\"elementor-spacer-inner\"><\/div>\n\t\t<\/div>\n\t\t\t\t\t\t<\/div>\n\t\t\t\t<\/div>\n\t\t\t\t<div class=\"elementor-element elementor-element-6ff4525 elementor-widget elementor-widget-text-editor\" data-id=\"6ff4525\" data-element_type=\"widget\" data-widget_type=\"text-editor.default\">\n\t\t\t\t<div class=\"elementor-widget-container\">\n\t\t\t\t\t\t\t\t\t<p class=\"text-justify\" style=\"text-align: center;\"><b>Impulse la productividad de su organizaci\u00f3n a trav\u00e9s del trabajo remoto con TSplus<\/b><\/p>\t\t\t\t\t\t\t\t<\/div>\n\t\t\t\t<\/div>\n\t\t\t\t\t<\/div>\n\t\t<\/div>\n\t\t\t\t\t<\/div>\n\t\t<\/section>\n\t\t\t\t<section class=\"elementor-section elementor-top-section elementor-element elementor-element-d9b8cdd elementor-section-stretched elementor-section-boxed elementor-section-height-default elementor-section-height-default\" data-id=\"d9b8cdd\" data-element_type=\"section\" data-settings=\"{&quot;stretch_section&quot;:&quot;section-stretched&quot;}\">\n\t\t\t\t\t\t<div class=\"elementor-container elementor-column-gap-default\">\n\t\t\t\t\t<div class=\"elementor-column elementor-col-100 elementor-top-column elementor-element elementor-element-c2d9d48\" data-id=\"c2d9d48\" data-element_type=\"column\">\n\t\t\t<div class=\"elementor-widget-wrap elementor-element-populated\">\n\t\t\t\t\t\t<div class=\"elementor-element elementor-element-9cf6450 elementor-widget elementor-widget-text-editor\" data-id=\"9cf6450\" data-element_type=\"widget\" data-widget_type=\"text-editor.default\">\n\t\t\t\t<div class=\"elementor-widget-container\">\n\t\t\t\t\t\t\t\t\t<p class=\"text-justify\" style=\"text-align: justify;\">Aproveche su infraestructura de administraci\u00f3n con TSplus, lo que permite a\u00f1adir varias estaciones de trabajo como escritorios virtuales desde cualquier ordenador, tablet o dispositivo m\u00f3vil conectados con nuestro servidor a trav\u00e9s de las terminales que interact\u00faan las conexiones remotas para acceder desde cualquier lugar, contando con las aplicaciones virtuales de VDI (Virtual Desktop Infrastructure) y garantizando la conexi\u00f3n segura de sus datos.<\/p>\t\t\t\t\t\t\t\t<\/div>\n\t\t\t\t<\/div>\n\t\t\t\t\t<\/div>\n\t\t<\/div>\n\t\t\t\t\t<\/div>\n\t\t<\/section>\n\t\t\t\t<section class=\"elementor-section elementor-top-section elementor-element elementor-element-890db2d elementor-section-stretched elementor-section-boxed elementor-section-height-default elementor-section-height-default\" data-id=\"890db2d\" data-element_type=\"section\" data-settings=\"{&quot;stretch_section&quot;:&quot;section-stretched&quot;}\">\n\t\t\t\t\t\t<div class=\"elementor-container elementor-column-gap-default\">\n\t\t\t\t\t<div class=\"elementor-column elementor-col-100 elementor-top-column elementor-element elementor-element-5593794\" data-id=\"5593794\" data-element_type=\"column\">\n\t\t\t<div class=\"elementor-widget-wrap elementor-element-populated\">\n\t\t\t\t\t\t<div class=\"elementor-element elementor-element-0523206 elementor-widget elementor-widget-image\" data-id=\"0523206\" data-element_type=\"widget\" data-widget_type=\"image.default\">\n\t\t\t\t<div class=\"elementor-widget-container\">\n\t\t\t\t\t\t\t\t\t\t\t\t\t\t\t<img decoding=\"async\" width=\"1701\" height=\"545\" src=\"https:\/\/solutecsasllc.com\/wp-content\/uploads\/2020\/12\/tsplus-web.png\" class=\"attachment-full size-full wp-image-1242\" alt=\"\" srcset=\"https:\/\/solutecsasllc.com\/wp-content\/uploads\/2020\/12\/tsplus-web.png 1701w, https:\/\/solutecsasllc.com\/wp-content\/uploads\/2020\/12\/tsplus-web-300x96.png 300w, https:\/\/solutecsasllc.com\/wp-content\/uploads\/2020\/12\/tsplus-web-1024x328.png 1024w, https:\/\/solutecsasllc.com\/wp-content\/uploads\/2020\/12\/tsplus-web-768x246.png 768w, https:\/\/solutecsasllc.com\/wp-content\/uploads\/2020\/12\/tsplus-web-1536x492.png 1536w\" sizes=\"100vw\" \/>\t\t\t\t\t\t\t\t\t\t\t\t\t\t\t<\/div>\n\t\t\t\t<\/div>\n\t\t\t\t\t<\/div>\n\t\t<\/div>\n\t\t\t\t\t<\/div>\n\t\t<\/section>\n\t\t\t\t<section class=\"elementor-section elementor-top-section elementor-element elementor-element-a89c44c elementor-section-stretched elementor-section-boxed elementor-section-height-default elementor-section-height-default\" data-id=\"a89c44c\" data-element_type=\"section\" data-settings=\"{&quot;stretch_section&quot;:&quot;section-stretched&quot;}\">\n\t\t\t\t\t\t<div class=\"elementor-container elementor-column-gap-default\">\n\t\t\t\t\t<div class=\"elementor-column elementor-col-100 elementor-top-column elementor-element elementor-element-621a897\" data-id=\"621a897\" data-element_type=\"column\">\n\t\t\t<div class=\"elementor-widget-wrap elementor-element-populated\">\n\t\t\t\t\t\t<div class=\"elementor-element elementor-element-0c4479b elementor-nav-menu--dropdown-tablet elementor-nav-menu__text-align-aside elementor-nav-menu--toggle elementor-nav-menu--burger elementor-widget elementor-widget-nav-menu\" data-id=\"0c4479b\" data-element_type=\"widget\" data-settings=\"{&quot;layout&quot;:&quot;horizontal&quot;,&quot;submenu_icon&quot;:{&quot;value&quot;:&quot;&lt;i class=\\&quot;fa fa-caret-down\\&quot;&gt;&lt;\\\/i&gt;&quot;,&quot;library&quot;:&quot;fa-solid&quot;},&quot;toggle&quot;:&quot;burger&quot;}\" data-widget_type=\"nav-menu.default\">\n\t\t\t\t<div class=\"elementor-widget-container\">\n\t\t\t\t\t\t\t\t<nav class=\"elementor-nav-menu--main elementor-nav-menu__container elementor-nav-menu--layout-horizontal e--pointer-underline e--animation-fade\">\n\t\t\t\t<ul id=\"menu-1-0c4479b\" class=\"elementor-nav-menu\"><li class=\"menu-item menu-item-type-custom menu-item-object-custom menu-item-1304\"><a href=\"https:\/\/solutec.com.co\/tsplus-caracteristicas\/#caracteristicas\" class=\"elementor-item elementor-item-anchor\">Caracter\u00edsticas<\/a><\/li>\n<li class=\"menu-item menu-item-type-custom menu-item-object-custom menu-item-1308\"><a href=\"https:\/\/solutec.com.co\/tsplus-beneficios\/#beneficios\" class=\"elementor-item elementor-item-anchor\">Beneficios<\/a><\/li>\n<li class=\"menu-item menu-item-type-custom menu-item-object-custom menu-item-1311\"><a href=\"https:\/\/solutec.com.co\/tsplus-enterprise-edition\/#enterprise-edition\" class=\"elementor-item elementor-item-anchor\">TSplus Enterprise Edition<\/a><\/li>\n<li class=\"menu-item menu-item-type-custom menu-item-object-custom menu-item-1312\"><a href=\"https:\/\/solutec.com.co\/tsplus-herramientas-complementarias\/#herramientas-complementarias\" class=\"elementor-item elementor-item-anchor\">Herramientas complementarias<\/a><\/li>\n<\/ul>\t\t\t<\/nav>\n\t\t\t\t\t<div class=\"elementor-menu-toggle\" role=\"button\" tabindex=\"0\" aria-label=\"Menu Toggle\" aria-expanded=\"false\">\n\t\t\t<i aria-hidden=\"true\" role=\"presentation\" class=\"elementor-menu-toggle__icon--open eicon-menu-bar\"><\/i><i aria-hidden=\"true\" role=\"presentation\" class=\"elementor-menu-toggle__icon--close eicon-close\"><\/i>\t\t\t<span class=\"elementor-screen-only\">Menu<\/span>\n\t\t<\/div>\n\t\t\t\t\t<nav class=\"elementor-nav-menu--dropdown elementor-nav-menu__container\" aria-hidden=\"true\">\n\t\t\t\t<ul id=\"menu-2-0c4479b\" class=\"elementor-nav-menu\"><li class=\"menu-item menu-item-type-custom menu-item-object-custom menu-item-1304\"><a href=\"https:\/\/solutec.com.co\/tsplus-caracteristicas\/#caracteristicas\" class=\"elementor-item elementor-item-anchor\" tabindex=\"-1\">Caracter\u00edsticas<\/a><\/li>\n<li class=\"menu-item menu-item-type-custom menu-item-object-custom menu-item-1308\"><a href=\"https:\/\/solutec.com.co\/tsplus-beneficios\/#beneficios\" class=\"elementor-item elementor-item-anchor\" tabindex=\"-1\">Beneficios<\/a><\/li>\n<li class=\"menu-item menu-item-type-custom menu-item-object-custom menu-item-1311\"><a href=\"https:\/\/solutec.com.co\/tsplus-enterprise-edition\/#enterprise-edition\" class=\"elementor-item elementor-item-anchor\" tabindex=\"-1\">TSplus Enterprise Edition<\/a><\/li>\n<li class=\"menu-item menu-item-type-custom menu-item-object-custom menu-item-1312\"><a href=\"https:\/\/solutec.com.co\/tsplus-herramientas-complementarias\/#herramientas-complementarias\" class=\"elementor-item elementor-item-anchor\" tabindex=\"-1\">Herramientas complementarias<\/a><\/li>\n<\/ul>\t\t\t<\/nav>\n\t\t\t\t\t\t<\/div>\n\t\t\t\t<\/div>\n\t\t\t\t\t<\/div>\n\t\t<\/div>\n\t\t\t\t\t<\/div>\n\t\t<\/section>\n\t\t\t\t<section class=\"elementor-section elementor-top-section elementor-element elementor-element-8f91ce8 elementor-section-stretched elementor-section-boxed elementor-section-height-default elementor-section-height-default\" data-id=\"8f91ce8\" data-element_type=\"section\" data-settings=\"{&quot;stretch_section&quot;:&quot;section-stretched&quot;}\">\n\t\t\t\t\t\t<div class=\"elementor-container elementor-column-gap-default\">\n\t\t\t\t\t<div class=\"elementor-column elementor-col-100 elementor-top-column elementor-element elementor-element-95c3693\" data-id=\"95c3693\" data-element_type=\"column\">\n\t\t\t<div class=\"elementor-widget-wrap elementor-element-populated\">\n\t\t\t\t\t\t<div class=\"elementor-element elementor-element-68713ce elementor-widget elementor-widget-text-editor\" data-id=\"68713ce\" data-element_type=\"widget\" data-widget_type=\"text-editor.default\">\n\t\t\t\t<div class=\"elementor-widget-container\">\n\t\t\t\t\t\t\t\t\t<p class=\"text-justify\" style=\"text-align: justify;\">Este servicio permite entregar soluciones de alta disponibilidad para implementar VDI (Virtual Desktop Infrastructure) reduciendo los costes de alta disponibilidad.<\/p>\t\t\t\t\t\t\t\t<\/div>\n\t\t\t\t<\/div>\n\t\t\t\t\t<\/div>\n\t\t<\/div>\n\t\t\t\t\t<\/div>\n\t\t<\/section>\n\t\t\t\t<section class=\"elementor-section elementor-top-section elementor-element elementor-element-12ea360 elementor-section-stretched elementor-section-boxed elementor-section-height-default elementor-section-height-default\" data-id=\"12ea360\" data-element_type=\"section\" data-settings=\"{&quot;stretch_section&quot;:&quot;section-stretched&quot;}\">\n\t\t\t\t\t\t<div class=\"elementor-container elementor-column-gap-default\">\n\t\t\t\t\t<div class=\"elementor-column elementor-col-100 elementor-top-column elementor-element elementor-element-875c869\" data-id=\"875c869\" data-element_type=\"column\">\n\t\t\t<div class=\"elementor-widget-wrap elementor-element-populated\">\n\t\t\t\t\t\t<div class=\"elementor-element elementor-element-000f1cd elementor-widget elementor-widget-html\" data-id=\"000f1cd\" data-element_type=\"widget\" data-widget_type=\"html.default\">\n\t\t\t\t<div class=\"elementor-widget-container\">\n\t\t\t\t\t<p>\r\n<video class=\"video-responsive\" controls=\"\" data-align=\"center\" poster=\"http:\/\/solutec.com.co\/wp-content\/uploads\/2021\/01\/Portada-para-video-Solutec.png\"><source src=\"https:\/\/video.wixstatic.com\/video\/1b3a35_fcb2ad210ce4444399817486f448efaa\/720p\/mp4\/file.mp4\" \/><\/video>\r\n<\/p>\t\t\t\t<\/div>\n\t\t\t\t<\/div>\n\t\t\t\t\t<\/div>\n\t\t<\/div>\n\t\t\t\t\t<\/div>\n\t\t<\/section>\n\t\t\t\t<\/div>\n\t\t","protected":false},"excerpt":{"rendered":"<p>Impulse la productividad de su organizaci\u00f3n a trav\u00e9s del trabajo remoto con TSplus Aproveche su infraestructura de administraci\u00f3n con TSplus, lo que permite a\u00f1adir varias estaciones de trabajo como escritorios virtuales desde cualquier ordenador, tablet o dispositivo m\u00f3vil conectados con nuestro servidor a trav\u00e9s de las terminales que interact\u00faan las conexiones remotas para acceder desde &hellip; <\/p>\n<p class=\"link-more\"><a href=\"https:\/\/solutecsasllc.com\/?page_id=1238\" class=\"more-link\">Continuar leyendo<span class=\"screen-reader-text\"> &#8220;TSplus &#8211; Escritorios Virtuales&#8221;<\/span><\/a><\/p>\n","protected":false},"author":3,"featured_media":0,"parent":0,"menu_order":0,"comment_status":"closed","ping_status":"closed","template":"","meta":{"footnotes":""},"class_list":["post-1238","page","type-page","status-publish","hentry"],"_links":{"self":[{"href":"https:\/\/solutecsasllc.com\/index.php?rest_route=\/wp\/v2\/pages\/1238","targetHints":{"allow":["GET"]}}],"collection":[{"href":"https:\/\/solutecsasllc.com\/index.php?rest_route=\/wp\/v2\/pages"}],"about":[{"href":"https:\/\/solutecsasllc.com\/index.php?rest_route=\/wp\/v2\/types\/page"}],"author":[{"embeddable":true,"href":"https:\/\/solutecsasllc.com\/index.php?rest_route=\/wp\/v2\/users\/3"}],"replies":[{"embeddable":true,"href":"https:\/\/solutecsasllc.com\/index.php?rest_route=%2Fwp%2Fv2%2Fcomments&post=1238"}],"version-history":[{"count":16,"href":"https:\/\/solutecsasllc.com\/index.php?rest_route=\/wp\/v2\/pages\/1238\/revisions"}],"predecessor-version":[{"id":1327,"href":"https:\/\/solutecsasllc.com\/index.php?rest_route=\/wp\/v2\/pages\/1238\/revisions\/1327"}],"wp:attachment":[{"href":"https:\/\/solutecsasllc.com\/index.php?rest_route=%2Fwp%2Fv2%2Fmedia&parent=1238"}],"curies":[{"name":"wp","href":"https:\/\/api.w.org\/{rel}","templated":true}]}}